{"id":3127,"date":"2024-02-27T13:32:37","date_gmt":"2024-02-27T12:32:37","guid":{"rendered":"https:\/\/danfond.wpdev.dk\/kvalitetsikring\/"},"modified":"2024-02-27T13:32:37","modified_gmt":"2024-02-27T12:32:37","slug":"kvalitetsikring","status":"publish","type":"page","link":"https:\/\/danfond.wpdev.dk\/de\/kvalitetsikring\/","title":{"rendered":"Kvalitetsikring"},"content":{"rendered":"\t\t<div data-elementor-type=\"wp-page\" data-elementor-id=\"3127\" class=\"elementor elementor-3127 elementor-511\" data-elementor-post-type=\"page\">\n\t\t\t\t<div class=\"elementor-element elementor-element-656db39 e-flex e-con-boxed e-con e-parent\" data-id=\"656db39\" data-element_type=\"container\" data-e-type=\"container\" data-settings=\"{&quot;background_background&quot;:&quot;classic&quot;}\">\n\t\t\t\t\t<div class=\"e-con-inner\">\n\t\t\t\t<div class=\"elementor-element elementor-element-657a0ba elementor-widget__width-initial elementor-invisible elementor-widget elementor-widget-heading\" data-id=\"657a0ba\" data-element_type=\"widget\" data-e-type=\"widget\" data-settings=\"{&quot;_animation&quot;:&quot;fadeIn&quot;}\" data-widget_type=\"heading.default\">\n\t\t\t\t<div class=\"elementor-widget-container\">\n\t\t\t\t\t<h1 class=\"elementor-heading-title elementor-size-default\">Vi g\u00e5r ikke p\u00e5 kompromis med kvaliteten af vores r\u00e5varer<\/h1>\t\t\t\t<\/div>\n\t\t\t\t<\/div>\n\t\t<div class=\"elementor-element elementor-element-1dac715 e-flex e-con-boxed elementor-invisible e-con e-child\" data-id=\"1dac715\" data-element_type=\"container\" data-e-type=\"container\" data-settings=\"{&quot;animation&quot;:&quot;fadeInUp&quot;,&quot;animation_delay&quot;:300}\">\n\t\t\t\t\t<div class=\"e-con-inner\">\n\t\t\t\t<div class=\"elementor-element elementor-element-e9fb2d2 elementor-widget elementor-widget-button\" data-id=\"e9fb2d2\" data-element_type=\"widget\" data-e-type=\"widget\" data-widget_type=\"button.default\">\n\t\t\t\t<div class=\"elementor-widget-container\">\n\t\t\t\t\t\t\t\t\t<div class=\"elementor-button-wrapper\">\n\t\t\t\t\t<a class=\"elementor-button elementor-button-link elementor-size-sm\" href=\"https:\/\/danfond.wpdev.dk\/wp-content\/uploads\/2024\/05\/BRC-AB-certifikat-2024-2025-1-1.pdf\">\n\t\t\t\t\t\t<span class=\"elementor-button-content-wrapper\">\n\t\t\t\t\t\t\t\t\t<span class=\"elementor-button-text\">Certificeringer<\/span>\n\t\t\t\t\t<\/span>\n\t\t\t\t\t<\/a>\n\t\t\t\t<\/div>\n\t\t\t\t\t\t\t\t<\/div>\n\t\t\t\t<\/div>\n\t\t\t\t<div class=\"elementor-element elementor-element-468feb6 elementor-widget elementor-widget-button\" data-id=\"468feb6\" data-element_type=\"widget\" data-e-type=\"widget\" data-widget_type=\"button.default\">\n\t\t\t\t<div class=\"elementor-widget-container\">\n\t\t\t\t\t\t\t\t\t<div class=\"elementor-button-wrapper\">\n\t\t\t\t\t<a class=\"elementor-button elementor-button-link elementor-size-sm\" href=\"https:\/\/danfond.wpdev.dk\/kontakt\/\">\n\t\t\t\t\t\t<span class=\"elementor-button-content-wrapper\">\n\t\t\t\t\t\t\t\t\t<span class=\"elementor-button-text\">Kontakt os<\/span>\n\t\t\t\t\t<\/span>\n\t\t\t\t\t<\/a>\n\t\t\t\t<\/div>\n\t\t\t\t\t\t\t\t<\/div>\n\t\t\t\t<\/div>\n\t\t\t\t\t<\/div>\n\t\t\t\t<\/div>\n\t\t\t\t\t<\/div>\n\t\t\t\t<\/div>\n\t\t<div class=\"elementor-element elementor-element-b2eb646 e-flex e-con-boxed e-con e-parent\" data-id=\"b2eb646\" data-element_type=\"container\" data-e-type=\"container\" data-settings=\"{&quot;background_background&quot;:&quot;classic&quot;}\">\n\t\t\t\t\t<div class=\"e-con-inner\">\n\t\t<div class=\"elementor-element elementor-element-5c54282 e-con-full e-flex e-con e-child\" data-id=\"5c54282\" data-element_type=\"container\" data-e-type=\"container\">\n\t\t\t\t<div class=\"elementor-element elementor-element-046cb0d elementor-widget elementor-widget-spacer\" data-id=\"046cb0d\" data-element_type=\"widget\" data-e-type=\"widget\" data-widget_type=\"spacer.default\">\n\t\t\t\t<div class=\"elementor-widget-container\">\n\t\t\t\t\t\t\t<div class=\"elementor-spacer\">\n\t\t\t<div class=\"elementor-spacer-inner\"><\/div>\n\t\t<\/div>\n\t\t\t\t\t\t<\/div>\n\t\t\t\t<\/div>\n\t\t\t\t<div class=\"elementor-element elementor-element-2b05c42 elementor-widget elementor-widget-heading\" data-id=\"2b05c42\" data-element_type=\"widget\" data-e-type=\"widget\" data-widget_type=\"heading.default\">\n\t\t\t\t<div class=\"elementor-widget-container\">\n\t\t\t\t\t<h2 class=\"elementor-heading-title elementor-size-default\">Din sikkerhed for kvalitetssikring<\/h2>\t\t\t\t<\/div>\n\t\t\t\t<\/div>\n\t\t\t\t<div class=\"elementor-element elementor-element-cf18145 elementor-widget elementor-widget-text-editor\" data-id=\"cf18145\" data-element_type=\"widget\" data-e-type=\"widget\" data-widget_type=\"text-editor.default\">\n\t\t\t\t<div class=\"elementor-widget-container\">\n\t\t\t\t\t\t\t\t\t<p>Vi er stolte af vores certificeringsstatus hos BRC Agents &amp; Brokers, ISCC og MSC\/ASC-standarderne, hvilket bekr\u00e6fter vores forpligtelse til kvalitet og b\u00e6redygtighed. Vores m\u00e5l er at levere sikre r\u00e5vareprodukter af h\u00f8j kvalitet, der opfylder vores kunders specifikke behov og krav. Alle vores leverand\u00f8rer er n\u00f8je udvalgt og godkendt gennem vores interne leverand\u00f8rgodkendelsessystem.<\/p><p>Ved at opretholde disse h\u00f8je standarder skaber vi v\u00e6rdi for vores kunder ved at sikre dem p\u00e5lidelige og kvalitetssikrede produkter, der opfylder deres forventninger og krav.<\/p>\t\t\t\t\t\t\t\t<\/div>\n\t\t\t\t<\/div>\n\t\t\t\t<\/div>\n\t\t<div class=\"elementor-element elementor-element-eea0920 e-con-full e-flex e-con e-child\" data-id=\"eea0920\" data-element_type=\"container\" data-e-type=\"container\">\n\t\t\t\t<div class=\"elementor-element elementor-element-fc5ce6a elementor-widget elementor-widget-image\" data-id=\"fc5ce6a\" data-element_type=\"widget\" data-e-type=\"widget\" data-widget_type=\"image.default\">\n\t\t\t\t<div class=\"elementor-widget-container\">\n\t\t\t\t\t\t\t\t\t\t\t\t\t\t\t\t<a href=\"https:\/\/danfond.wpdev.dk\/wp-content\/uploads\/2024\/05\/BRC-AB-certifikat-2024-2025-1-1.pdf\">\n\t\t\t\t\t\t\t<img fetchpriority=\"high\" decoding=\"async\" width=\"500\" height=\"500\" src=\"https:\/\/danfond.wpdev.dk\/wp-content\/uploads\/2024\/03\/Asia-3.png\" class=\"attachment-large size-large wp-image-1737\" alt=\"\" srcset=\"https:\/\/danfond.wpdev.dk\/wp-content\/uploads\/2024\/03\/Asia-3.png 500w, https:\/\/danfond.wpdev.dk\/wp-content\/uploads\/2024\/03\/Asia-3-300x300.png 300w, https:\/\/danfond.wpdev.dk\/wp-content\/uploads\/2024\/03\/Asia-3-150x150.png 150w\" sizes=\"(max-width: 500px) 100vw, 500px\" \/>\t\t\t\t\t\t\t\t<\/a>\n\t\t\t\t\t\t\t\t\t\t\t\t\t\t\t<\/div>\n\t\t\t\t<\/div>\n\t\t\t\t<\/div>\n\t\t\t\t\t<\/div>\n\t\t\t\t<\/div>\n\t\t<div class=\"elementor-element elementor-element-4020d5c e-flex e-con-boxed e-con e-parent\" data-id=\"4020d5c\" data-element_type=\"container\" data-e-type=\"container\">\n\t\t\t\t\t<div class=\"e-con-inner\">\n\t\t<div class=\"elementor-element elementor-element-5d6e4a9 e-con-full e-flex e-con e-child\" data-id=\"5d6e4a9\" data-element_type=\"container\" data-e-type=\"container\">\n\t\t\t\t<div class=\"elementor-element elementor-element-f365cdd elementor-widget elementor-widget-image\" data-id=\"f365cdd\" data-element_type=\"widget\" data-e-type=\"widget\" data-widget_type=\"image.default\">\n\t\t\t\t<div class=\"elementor-widget-container\">\n\t\t\t\t\t\t\t\t\t\t\t\t\t\t\t\t<a href=\"https:\/\/danfond.wpdev.dk\/wp-content\/uploads\/2024\/05\/MainAudit_3450_NonC_20240507_1547_LJ_07.05.2024-Underskrevet-1-1.pdf\">\n\t\t\t\t\t\t\t<img decoding=\"async\" width=\"500\" height=\"500\" src=\"https:\/\/danfond.wpdev.dk\/wp-content\/uploads\/2024\/03\/Asia-2-2.png\" class=\"attachment-medium_large size-medium_large wp-image-1734\" alt=\"\" srcset=\"https:\/\/danfond.wpdev.dk\/wp-content\/uploads\/2024\/03\/Asia-2-2.png 500w, https:\/\/danfond.wpdev.dk\/wp-content\/uploads\/2024\/03\/Asia-2-2-300x300.png 300w, https:\/\/danfond.wpdev.dk\/wp-content\/uploads\/2024\/03\/Asia-2-2-150x150.png 150w\" sizes=\"(max-width: 500px) 100vw, 500px\" \/>\t\t\t\t\t\t\t\t<\/a>\n\t\t\t\t\t\t\t\t\t\t\t\t\t\t\t<\/div>\n\t\t\t\t<\/div>\n\t\t\t\t<div class=\"elementor-element elementor-element-2886667 elementor-widget elementor-widget-spacer\" data-id=\"2886667\" data-element_type=\"widget\" data-e-type=\"widget\" data-widget_type=\"spacer.default\">\n\t\t\t\t<div class=\"elementor-widget-container\">\n\t\t\t\t\t\t\t<div class=\"elementor-spacer\">\n\t\t\t<div class=\"elementor-spacer-inner\"><\/div>\n\t\t<\/div>\n\t\t\t\t\t\t<\/div>\n\t\t\t\t<\/div>\n\t\t\t\t<\/div>\n\t\t<div class=\"elementor-element elementor-element-478f9cb e-con-full e-flex e-con e-child\" data-id=\"478f9cb\" data-element_type=\"container\" data-e-type=\"container\">\n\t\t\t\t<div class=\"elementor-element elementor-element-30fa122 elementor-widget elementor-widget-spacer\" data-id=\"30fa122\" data-element_type=\"widget\" data-e-type=\"widget\" data-widget_type=\"spacer.default\">\n\t\t\t\t<div class=\"elementor-widget-container\">\n\t\t\t\t\t\t\t<div class=\"elementor-spacer\">\n\t\t\t<div class=\"elementor-spacer-inner\"><\/div>\n\t\t<\/div>\n\t\t\t\t\t\t<\/div>\n\t\t\t\t<\/div>\n\t\t\t\t<div class=\"elementor-element elementor-element-8dc18f0 elementor-widget elementor-widget-text-editor\" data-id=\"8dc18f0\" data-element_type=\"widget\" data-e-type=\"widget\" data-widget_type=\"text-editor.default\">\n\t\t\t\t<div class=\"elementor-widget-container\">\n\t\t\t\t\t\t\t\t\t<p>Hos Danfond bestr\u00e6ber vi os altid efter at sikre den h\u00f8jeste kvalitet for vores kunder. Vi opn\u00e5r dette ved at implementere strenge kvalitetssikrings- og risikostyringspraksisser samt ved at opn\u00e5 certificeringer i overensstemmelse med de h\u00f8jeste nationale og internationale standarder inden for kvalitets- og produktsikkerhed.<\/p><p>Vores engagement i faste standardprocedurer og Good Manufacturing Practice (GMP) sikrer, at vores kunder kun modtager r\u00e5varer og produkter fra p\u00e5lidelige og kvalitetsbevidste leverand\u00f8rer.<\/p>\t\t\t\t\t\t\t\t<\/div>\n\t\t\t\t<\/div>\n\t\t\t\t<\/div>\n\t\t\t\t\t<\/div>\n\t\t\t\t<\/div>\n\t\t\t\t<\/div>\n\t\t","protected":false},"excerpt":{"rendered":"<p>Vi g\u00e5r ikke p\u00e5 kompromis med kvaliteten af vores r\u00e5varer Certificeringer Kontakt os Din sikkerhed for kvalitetssikring Vi er stolte [&hellip;]<\/p>\n","protected":false},"author":1,"featured_media":0,"parent":0,"menu_order":0,"comment_status":"closed","ping_status":"closed","template":"","meta":{"_acf_changed":false,"site-sidebar-layout":"no-sidebar","site-content-layout":"","ast-site-content-layout":"full-width-container","site-content-style":"default","site-sidebar-style":"default","ast-global-header-display":"","ast-banner-title-visibility":"","ast-main-header-display":"","ast-hfb-above-header-display":"","ast-hfb-below-header-display":"","ast-hfb-mobile-header-display":"","site-post-title":"disabled","ast-breadcrumbs-content":"","ast-featured-img":"disabled","footer-sml-layout":"","theme-transparent-header-meta":"default","adv-header-id-meta":"","stick-header-meta":"default","header-above-stick-meta":"","header-main-stick-meta":"","header-below-stick-meta":"","astra-migrate-meta-layouts":"set","ast-page-background-enabled":"default","ast-page-background-meta":{"desktop":{"background-color":"var(--ast-global-color-4)","background-image":"","background-repeat":"repeat","background-position":"center center","background-size":"auto","background-attachment":"scroll","background-type":"","background-media":"","overlay-type":"","overlay-color":"","overlay-gradient":""},"tablet":{"background-color":"","background-image":"","background-repeat":"repeat","background-position":"center center","background-size":"auto","background-attachment":"scroll","background-type":"","background-media":"","overlay-type":"","overlay-color":"","overlay-gradient":""},"mobile":{"background-color":"","background-image":"","background-repeat":"repeat","background-position":"center center","background-size":"auto","background-attachment":"scroll","background-type":"","background-media":"","overlay-type":"","overlay-color":"","overlay-gradient":""}},"ast-content-background-meta":{"desktop":{"background-color":"var(--ast-global-color-5)","background-image":"","background-repeat":"repeat","background-position":"center center","background-size":"auto","background-attachment":"scroll","background-type":"","background-media":"","overlay-type":"","overlay-color":"","overlay-gradient":""},"tablet":{"background-color":"var(--ast-global-color-5)","background-image":"","background-repeat":"repeat","background-position":"center center","background-size":"auto","background-attachment":"scroll","background-type":"","background-media":"","overlay-type":"","overlay-color":"","overlay-gradient":""},"mobile":{"background-color":"var(--ast-global-color-5)","background-image":"","background-repeat":"repeat","background-position":"center center","background-size":"auto","background-attachment":"scroll","background-type":"","background-media":"","overlay-type":"","overlay-color":"","overlay-gradient":""}},"footnotes":""},"class_list":["post-3127","page","type-page","status-publish","hentry"],"acf":[],"yoast_head":"<!-- This site is optimized with the Yoast SEO plugin v27.4 - https:\/\/yoast.com\/product\/yoast-seo-wordpress\/ -->\n<title>Kvalitetsikring - Danfond<\/title>\n<meta name=\"robots\" content=\"noindex, follow, max-snippet:-1, max-image-preview:large, max-video-preview:-1\" \/>\n<meta property=\"og:locale\" content=\"de_DE\" \/>\n<meta property=\"og:type\" content=\"article\" \/>\n<meta property=\"og:title\" content=\"Kvalitetsikring - Danfond\" \/>\n<meta property=\"og:description\" content=\"Vi g\u00e5r ikke p\u00e5 kompromis med kvaliteten af vores r\u00e5varer Certificeringer Kontakt os Din sikkerhed for kvalitetssikring Vi er stolte [&hellip;]\" \/>\n<meta property=\"og:url\" content=\"https:\/\/danfond.wpdev.dk\/de\/kvalitetsikring\/\" \/>\n<meta property=\"og:site_name\" content=\"Danfond\" \/>\n<meta property=\"og:image\" content=\"https:\/\/danfond.wpdev.dk\/wp-content\/uploads\/2024\/03\/Asia-3.png\" \/>\n<meta name=\"twitter:card\" content=\"summary_large_image\" \/>\n<meta name=\"twitter:label1\" content=\"Gesch\u00e4tzte Lesezeit\" \/>\n\t<meta name=\"twitter:data1\" content=\"1\u00a0Minute\" \/>\n<script type=\"application\/ld+json\" class=\"yoast-schema-graph\">{\"@context\":\"https:\\\/\\\/schema.org\",\"@graph\":[{\"@type\":\"WebPage\",\"@id\":\"https:\\\/\\\/danfond.wpdev.dk\\\/de\\\/kvalitetsikring\\\/\",\"url\":\"https:\\\/\\\/danfond.wpdev.dk\\\/de\\\/kvalitetsikring\\\/\",\"name\":\"Kvalitetsikring - Danfond\",\"isPartOf\":{\"@id\":\"https:\\\/\\\/danfond.wpdev.dk\\\/de\\\/#website\"},\"primaryImageOfPage\":{\"@id\":\"https:\\\/\\\/danfond.wpdev.dk\\\/de\\\/kvalitetsikring\\\/#primaryimage\"},\"image\":{\"@id\":\"https:\\\/\\\/danfond.wpdev.dk\\\/de\\\/kvalitetsikring\\\/#primaryimage\"},\"thumbnailUrl\":\"https:\\\/\\\/danfond.wpdev.dk\\\/wp-content\\\/uploads\\\/2024\\\/03\\\/Asia-3.png\",\"datePublished\":\"2024-02-27T12:32:37+00:00\",\"breadcrumb\":{\"@id\":\"https:\\\/\\\/danfond.wpdev.dk\\\/de\\\/kvalitetsikring\\\/#breadcrumb\"},\"inLanguage\":\"de\",\"potentialAction\":[{\"@type\":\"ReadAction\",\"target\":[\"https:\\\/\\\/danfond.wpdev.dk\\\/de\\\/kvalitetsikring\\\/\"]}]},{\"@type\":\"ImageObject\",\"inLanguage\":\"de\",\"@id\":\"https:\\\/\\\/danfond.wpdev.dk\\\/de\\\/kvalitetsikring\\\/#primaryimage\",\"url\":\"https:\\\/\\\/danfond.wpdev.dk\\\/wp-content\\\/uploads\\\/2024\\\/03\\\/Asia-3.png\",\"contentUrl\":\"https:\\\/\\\/danfond.wpdev.dk\\\/wp-content\\\/uploads\\\/2024\\\/03\\\/Asia-3.png\"},{\"@type\":\"BreadcrumbList\",\"@id\":\"https:\\\/\\\/danfond.wpdev.dk\\\/de\\\/kvalitetsikring\\\/#breadcrumb\",\"itemListElement\":[{\"@type\":\"ListItem\",\"position\":1,\"name\":\"Hjem\",\"item\":\"https:\\\/\\\/danfond.wpdev.dk\\\/de\\\/\"},{\"@type\":\"ListItem\",\"position\":2,\"name\":\"Kvalitetsikring\"}]},{\"@type\":\"WebSite\",\"@id\":\"https:\\\/\\\/danfond.wpdev.dk\\\/de\\\/#website\",\"url\":\"https:\\\/\\\/danfond.wpdev.dk\\\/de\\\/\",\"name\":\"Danfond\",\"description\":\"\",\"publisher\":{\"@id\":\"https:\\\/\\\/danfond.wpdev.dk\\\/de\\\/#organization\"},\"potentialAction\":[{\"@type\":\"SearchAction\",\"target\":{\"@type\":\"EntryPoint\",\"urlTemplate\":\"https:\\\/\\\/danfond.wpdev.dk\\\/de\\\/?s={search_term_string}\"},\"query-input\":{\"@type\":\"PropertyValueSpecification\",\"valueRequired\":true,\"valueName\":\"search_term_string\"}}],\"inLanguage\":\"de\"},{\"@type\":\"Organization\",\"@id\":\"https:\\\/\\\/danfond.wpdev.dk\\\/de\\\/#organization\",\"name\":\"Danfond\",\"url\":\"https:\\\/\\\/danfond.wpdev.dk\\\/de\\\/\",\"logo\":{\"@type\":\"ImageObject\",\"inLanguage\":\"de\",\"@id\":\"https:\\\/\\\/danfond.wpdev.dk\\\/de\\\/#\\\/schema\\\/logo\\\/image\\\/\",\"url\":\"https:\\\/\\\/danfond.wpdev.dk\\\/wp-content\\\/uploads\\\/2024\\\/02\\\/logo.svg\",\"contentUrl\":\"https:\\\/\\\/danfond.wpdev.dk\\\/wp-content\\\/uploads\\\/2024\\\/02\\\/logo.svg\",\"width\":407,\"height\":87,\"caption\":\"Danfond\"},\"image\":{\"@id\":\"https:\\\/\\\/danfond.wpdev.dk\\\/de\\\/#\\\/schema\\\/logo\\\/image\\\/\"}}]}<\/script>\n<!-- \/ Yoast SEO plugin. -->","yoast_head_json":{"title":"Kvalitetsikring - Danfond","robots":{"index":"noindex","follow":"follow","max-snippet":"max-snippet:-1","max-image-preview":"max-image-preview:large","max-video-preview":"max-video-preview:-1"},"og_locale":"de_DE","og_type":"article","og_title":"Kvalitetsikring - Danfond","og_description":"Vi g\u00e5r ikke p\u00e5 kompromis med kvaliteten af vores r\u00e5varer Certificeringer Kontakt os Din sikkerhed for kvalitetssikring Vi er stolte [&hellip;]","og_url":"https:\/\/danfond.wpdev.dk\/de\/kvalitetsikring\/","og_site_name":"Danfond","og_image":[{"url":"https:\/\/danfond.wpdev.dk\/wp-content\/uploads\/2024\/03\/Asia-3.png","type":"","width":"","height":""}],"twitter_card":"summary_large_image","twitter_misc":{"Gesch\u00e4tzte Lesezeit":"1\u00a0Minute"},"schema":{"@context":"https:\/\/schema.org","@graph":[{"@type":"WebPage","@id":"https:\/\/danfond.wpdev.dk\/de\/kvalitetsikring\/","url":"https:\/\/danfond.wpdev.dk\/de\/kvalitetsikring\/","name":"Kvalitetsikring - Danfond","isPartOf":{"@id":"https:\/\/danfond.wpdev.dk\/de\/#website"},"primaryImageOfPage":{"@id":"https:\/\/danfond.wpdev.dk\/de\/kvalitetsikring\/#primaryimage"},"image":{"@id":"https:\/\/danfond.wpdev.dk\/de\/kvalitetsikring\/#primaryimage"},"thumbnailUrl":"https:\/\/danfond.wpdev.dk\/wp-content\/uploads\/2024\/03\/Asia-3.png","datePublished":"2024-02-27T12:32:37+00:00","breadcrumb":{"@id":"https:\/\/danfond.wpdev.dk\/de\/kvalitetsikring\/#breadcrumb"},"inLanguage":"de","potentialAction":[{"@type":"ReadAction","target":["https:\/\/danfond.wpdev.dk\/de\/kvalitetsikring\/"]}]},{"@type":"ImageObject","inLanguage":"de","@id":"https:\/\/danfond.wpdev.dk\/de\/kvalitetsikring\/#primaryimage","url":"https:\/\/danfond.wpdev.dk\/wp-content\/uploads\/2024\/03\/Asia-3.png","contentUrl":"https:\/\/danfond.wpdev.dk\/wp-content\/uploads\/2024\/03\/Asia-3.png"},{"@type":"BreadcrumbList","@id":"https:\/\/danfond.wpdev.dk\/de\/kvalitetsikring\/#breadcrumb","itemListElement":[{"@type":"ListItem","position":1,"name":"Hjem","item":"https:\/\/danfond.wpdev.dk\/de\/"},{"@type":"ListItem","position":2,"name":"Kvalitetsikring"}]},{"@type":"WebSite","@id":"https:\/\/danfond.wpdev.dk\/de\/#website","url":"https:\/\/danfond.wpdev.dk\/de\/","name":"Danfond","description":"","publisher":{"@id":"https:\/\/danfond.wpdev.dk\/de\/#organization"},"potentialAction":[{"@type":"SearchAction","target":{"@type":"EntryPoint","urlTemplate":"https:\/\/danfond.wpdev.dk\/de\/?s={search_term_string}"},"query-input":{"@type":"PropertyValueSpecification","valueRequired":true,"valueName":"search_term_string"}}],"inLanguage":"de"},{"@type":"Organization","@id":"https:\/\/danfond.wpdev.dk\/de\/#organization","name":"Danfond","url":"https:\/\/danfond.wpdev.dk\/de\/","logo":{"@type":"ImageObject","inLanguage":"de","@id":"https:\/\/danfond.wpdev.dk\/de\/#\/schema\/logo\/image\/","url":"https:\/\/danfond.wpdev.dk\/wp-content\/uploads\/2024\/02\/logo.svg","contentUrl":"https:\/\/danfond.wpdev.dk\/wp-content\/uploads\/2024\/02\/logo.svg","width":407,"height":87,"caption":"Danfond"},"image":{"@id":"https:\/\/danfond.wpdev.dk\/de\/#\/schema\/logo\/image\/"}}]}},"_links":{"self":[{"href":"https:\/\/danfond.wpdev.dk\/de\/wp-json\/wp\/v2\/pages\/3127","targetHints":{"allow":["GET"]}}],"collection":[{"href":"https:\/\/danfond.wpdev.dk\/de\/wp-json\/wp\/v2\/pages"}],"about":[{"href":"https:\/\/danfond.wpdev.dk\/de\/wp-json\/wp\/v2\/types\/page"}],"author":[{"embeddable":true,"href":"https:\/\/danfond.wpdev.dk\/de\/wp-json\/wp\/v2\/users\/1"}],"replies":[{"embeddable":true,"href":"https:\/\/danfond.wpdev.dk\/de\/wp-json\/wp\/v2\/comments?post=3127"}],"version-history":[{"count":0,"href":"https:\/\/danfond.wpdev.dk\/de\/wp-json\/wp\/v2\/pages\/3127\/revisions"}],"wp:attachment":[{"href":"https:\/\/danfond.wpdev.dk\/de\/wp-json\/wp\/v2\/media?parent=3127"}],"curies":[{"name":"wp","href":"https:\/\/api.w.org\/{rel}","templated":true}]}}