{"id":3129,"date":"2024-02-21T09:14:09","date_gmt":"2024-02-21T08:14:09","guid":{"rendered":"https:\/\/danfond.wpdev.dk\/cookies\/"},"modified":"2024-02-21T09:14:09","modified_gmt":"2024-02-21T08:14:09","slug":"cookies","status":"publish","type":"page","link":"https:\/\/danfond.wpdev.dk\/de\/cookies\/","title":{"rendered":"Cookies"},"content":{"rendered":"\t\t<div data-elementor-type=\"wp-page\" data-elementor-id=\"3129\" class=\"elementor elementor-3129 elementor-135\" data-elementor-post-type=\"page\">\n\t\t\t\t<div class=\"elementor-element elementor-element-21d7c0f e-flex e-con-boxed e-con e-parent\" data-id=\"21d7c0f\" data-element_type=\"container\" data-e-type=\"container\" data-settings=\"{&quot;background_background&quot;:&quot;classic&quot;}\">\n\t\t\t\t\t<div class=\"e-con-inner\">\n\t\t\t\t<div class=\"elementor-element elementor-element-bac44eb elementor-widget elementor-widget-heading\" data-id=\"bac44eb\" data-element_type=\"widget\" data-e-type=\"widget\" data-widget_type=\"heading.default\">\n\t\t\t\t<div class=\"elementor-widget-container\">\n\t\t\t\t\t<h2 class=\"elementor-heading-title elementor-size-default\">Persondatapolitik og cookies <\/h2>\t\t\t\t<\/div>\n\t\t\t\t<\/div>\n\t\t\t\t\t<\/div>\n\t\t\t\t<\/div>\n\t\t<div class=\"elementor-element elementor-element-37c36b1 e-flex e-con-boxed e-con e-parent\" data-id=\"37c36b1\" data-element_type=\"container\" data-e-type=\"container\">\n\t\t\t\t\t<div class=\"e-con-inner\">\n\t\t<div class=\"elementor-element elementor-element-f83c677 e-con-full e-flex e-con e-child\" data-id=\"f83c677\" data-element_type=\"container\" data-e-type=\"container\">\n\t\t\t\t<div class=\"elementor-element elementor-element-3f8877e elementor-widget elementor-widget-text-editor\" data-id=\"3f8877e\" data-element_type=\"widget\" data-e-type=\"widget\" data-widget_type=\"text-editor.default\">\n\t\t\t\t<div class=\"elementor-widget-container\">\n\t\t\t\t\t\t\t\t\t<p><strong>Persondatapolitik og cookies &#8211; Hjemmesider<\/strong> <br \/>Politik for behandling og beskyttelse af personoplysninger indsamlet p\u00e5 hjemmesider. I det f\u00f8lgende redeg\u00f8res der for, hvordan Danfond anvender de personlige oplysninger, som efterlades og\/eller afgives, n\u00e5r vores hjemmeside bes\u00f8ges.<\/p><p>\u00a0<\/p>\t\t\t\t\t\t\t\t<\/div>\n\t\t\t\t<\/div>\n\t\t\t\t<\/div>\n\t\t<div class=\"elementor-element elementor-element-90af94a e-con-full e-flex e-con e-child\" data-id=\"90af94a\" data-element_type=\"container\" data-e-type=\"container\">\n\t\t\t\t<div class=\"elementor-element elementor-element-6ced838 elementor-widget elementor-widget-text-editor\" data-id=\"6ced838\" data-element_type=\"widget\" data-e-type=\"widget\" data-widget_type=\"text-editor.default\">\n\t\t\t\t<div class=\"elementor-widget-container\">\n\t\t\t\t\t\t\t\t\t<p><strong>4. Sikkerhed<\/strong><br \/>Vi har implementeret sikkerhedsforanstaltninger til sikring af, at vores interne procedurer lever p\u00e5 til vores sikkerhedspolitiske standarder. Vi bestr\u00e6ber os s\u00e5ledes bedst muligt p\u00e5 at beskytte kvaliteten og integriteten af dine personlige oplysninger.<\/p>\t\t\t\t\t\t\t\t<\/div>\n\t\t\t\t<\/div>\n\t\t\t\t<\/div>\n\t\t\t\t\t<\/div>\n\t\t\t\t<\/div>\n\t\t<div class=\"elementor-element elementor-element-9962c1f e-flex e-con-boxed e-con e-parent\" data-id=\"9962c1f\" data-element_type=\"container\" data-e-type=\"container\">\n\t\t\t\t\t<div class=\"e-con-inner\">\n\t\t<div class=\"elementor-element elementor-element-16df5e3 e-con-full e-flex e-con e-child\" data-id=\"16df5e3\" data-element_type=\"container\" data-e-type=\"container\">\n\t\t\t\t<div class=\"elementor-element elementor-element-88c2780 elementor-widget elementor-widget-text-editor\" data-id=\"88c2780\" data-element_type=\"widget\" data-e-type=\"widget\" data-widget_type=\"text-editor.default\">\n\t\t\t\t<div class=\"elementor-widget-container\">\n\t\t\t\t\t\t\t\t\t<p><strong>1. Indsamling af personlige oplysninger<\/strong><br \/>Du vil altid blive informeret forud for indsamling af personlige oplysninger om dig. De personlige oplysninger, vi indsamler, kan for eksempel omfatte dit navn, din e-mailadresse, din privat adresse og lignende identifikationsoplysninger. <\/p>\t\t\t\t\t\t\t\t<\/div>\n\t\t\t\t<\/div>\n\t\t\t\t<\/div>\n\t\t<div class=\"elementor-element elementor-element-668813f e-con-full e-flex e-con e-child\" data-id=\"668813f\" data-element_type=\"container\" data-e-type=\"container\">\n\t\t\t\t<div class=\"elementor-element elementor-element-a193349 elementor-widget elementor-widget-text-editor\" data-id=\"a193349\" data-element_type=\"widget\" data-e-type=\"widget\" data-widget_type=\"text-editor.default\">\n\t\t\t\t<div class=\"elementor-widget-container\">\n\t\t\t\t\t\t\t\t\t<p><strong>5. Adgang til dine personlige oplysninger mv.<\/strong><br \/>Du er til enhver til berettiget til at f\u00e5 indsigt i de oplysninger, som vi behandler om dig, dog med visse lovbestemte undtagelser. Du har endvidere ret til at g\u00f8re indsigelse mod indsamlingen og mod den videre behandling af dine personlige oplysninger, ligesom du har ret til at f\u00e5 berigtiget, slettet eller blokeret dine personlige oplysninger<\/p><p>\u00a0<\/p>\t\t\t\t\t\t\t\t<\/div>\n\t\t\t\t<\/div>\n\t\t\t\t<\/div>\n\t\t\t\t\t<\/div>\n\t\t\t\t<\/div>\n\t\t<div class=\"elementor-element elementor-element-956dc0d e-flex e-con-boxed e-con e-parent\" data-id=\"956dc0d\" data-element_type=\"container\" data-e-type=\"container\">\n\t\t\t\t\t<div class=\"e-con-inner\">\n\t\t<div class=\"elementor-element elementor-element-bbcd731 e-con-full e-flex e-con e-child\" data-id=\"bbcd731\" data-element_type=\"container\" data-e-type=\"container\">\n\t\t\t\t<div class=\"elementor-element elementor-element-fc1545a elementor-widget elementor-widget-text-editor\" data-id=\"fc1545a\" data-element_type=\"widget\" data-e-type=\"widget\" data-widget_type=\"text-editor.default\">\n\t\t\t\t<div class=\"elementor-widget-container\">\n\t\t\t\t\t\t\t\t\t<p><strong>2. Anvendelse af personoplysninger<\/strong><br \/><br \/>Personoplysninger indsamles og anvendes i forbindelse med almindelig relationspleje over for dig samt til kommerciel planl\u00e6gning.<br \/><br \/>Vi g\u00f8r opm\u00e6rksom p\u00e5, at ovenn\u00e6vnte brug kun finder sted, s\u00e5fremt du forinden har afgivet dit udtrykkelige samtykke.<br \/><br \/>Dine oplysninger bliver slettet, n\u00e5r vi ikke l\u00e6ngere har behov for at behandle dem til opfyldelsen af ovenn\u00e6vnte form\u00e5l. <\/p>\t\t\t\t\t\t\t\t<\/div>\n\t\t\t\t<\/div>\n\t\t\t\t<\/div>\n\t\t<div class=\"elementor-element elementor-element-48571e1 e-con-full e-flex e-con e-child\" data-id=\"48571e1\" data-element_type=\"container\" data-e-type=\"container\">\n\t\t\t\t<div class=\"elementor-element elementor-element-8a3d2a7 elementor-widget elementor-widget-text-editor\" data-id=\"8a3d2a7\" data-element_type=\"widget\" data-e-type=\"widget\" data-widget_type=\"text-editor.default\">\n\t\t\t\t<div class=\"elementor-widget-container\">\n\t\t\t\t\t\t\t\t\t<p><strong>6. Links til andre hjemmesider mv.<\/strong><br \/>Vores hjemmesider kan indeholde links til andre hjemmesider eller til integrerede sites. Vi er ikke ansvarlige for indholdet af andre selskabers hjemmesider eller deres praksis i forbindelse med indsamlingen af personlige oplysninger. N\u00e5r du bes\u00f8ger andre hjemmesider, opfordres du til at l\u00e6se indehavernes politik med hensyn til beskyttelse af personlige oplysninger samt andre relevante politikker.<\/p><p>\u00a0<\/p>\t\t\t\t\t\t\t\t<\/div>\n\t\t\t\t<\/div>\n\t\t\t\t<\/div>\n\t\t\t\t\t<\/div>\n\t\t\t\t<\/div>\n\t\t<div class=\"elementor-element elementor-element-2651403 e-flex e-con-boxed e-con e-parent\" data-id=\"2651403\" data-element_type=\"container\" data-e-type=\"container\">\n\t\t\t\t\t<div class=\"e-con-inner\">\n\t\t<div class=\"elementor-element elementor-element-fc47717 e-con-full e-flex e-con e-child\" data-id=\"fc47717\" data-element_type=\"container\" data-e-type=\"container\">\n\t\t\t\t<div class=\"elementor-element elementor-element-6cdc7b6 elementor-widget elementor-widget-text-editor\" data-id=\"6cdc7b6\" data-element_type=\"widget\" data-e-type=\"widget\" data-widget_type=\"text-editor.default\">\n\t\t\t\t<div class=\"elementor-widget-container\">\n\t\t\t\t\t\t\t\t\t<p><strong>3. Cookies<br \/><\/strong>Vi anvender cookie p\u00e5 vores hjemmesider, s\u00e5 vi kan tilbyde brugervenlige hjemmesider med information, der er relevant for dig. En cookie er en lille tekstfil, som bliver gemt i din browser. Det betyder i praksis, at vores hjemmesider kan genkende dig, n\u00e5r du bes\u00f8ger hjemmesiderne igen, og at vi kan f\u00f8re statistik, men fort\u00e6ller, hvordan du og andre brugere anvender hjemmesiderne. F\u00f8rste gang du bes\u00f8ger vores hjemmesider, f\u00e5r du information om, at vi bruger cookies.<\/p><p><br \/>Du har mulighed for at blokere alle cookies, slette eksisterende cookies fra din computer eller modtage en advarsel, f\u00f8r der gemmes en cookie. Du kan f\u00e5 yderligere oplysninger om, hvordan du undg\u00e5r cookies, ved at klikke p\u00e5 dette link: http:\/\/minecookies.org\/ Du skal v\u00e6re opm\u00e6rksom p\u00e5, at hvis du linker videre til en 3. parts hjemmeside, fra vores hjemmesider, kan der s\u00e6ttes nye cookies, som Danfond ikke har indflydelse p\u00e5. Her skal du selv s\u00f8rge for at s\u00e6tte dig ind i hjemmesidens cookie politik.<strong><br \/><\/strong><\/p>\t\t\t\t\t\t\t\t<\/div>\n\t\t\t\t<\/div>\n\t\t\t\t<\/div>\n\t\t<div class=\"elementor-element elementor-element-f6f270c e-con-full e-flex e-con e-child\" data-id=\"f6f270c\" data-element_type=\"container\" data-e-type=\"container\">\n\t\t\t\t<div class=\"elementor-element elementor-element-66b57ff elementor-widget elementor-widget-text-editor\" data-id=\"66b57ff\" data-element_type=\"widget\" data-e-type=\"widget\" data-widget_type=\"text-editor.default\">\n\t\t\t\t<div class=\"elementor-widget-container\">\n\t\t\t\t\t\t\t\t\t<p><strong>7. \u00c6ndring af oplysninger mv.<\/strong><br \/>Hvis du \u00f8nsker, at vi opdaterer, \u00e6ndrer eller sletter dine personlige oplysninger, som vi har registreret om dig, \u00f8nsker at f\u00e5 adgang til de personoplysninger, der behandles om, eller ikke \u00f8nsker at modtage flere meddelelser fra os, eller hvis du har sp\u00f8rgsm\u00e5l til ovenst\u00e5ende retningslinjer, kan du rette henvendelse til os p\u00e5 <a href=\"mailto:danfond@danfond.dk\">danfond@danfond.dk<\/a>. Du kan ogs\u00e5 skrive til os p\u00e5 f\u00f8lgende adresse:<\/p><p>Danfond A\/S<br \/>Att.: Direktionen<br \/>N\u00f8rrekobbel 7b, 1tv<br \/>6400 S\u00f8nderborg<\/p><p><br \/>Den g\u00e6ldende privatlivspolitik kan til enhver tid findes p\u00e5 vores hjemmesider. Eventuelle \u00e6ndringer, justeringer, revideringer m.v. vil v\u00e6re g\u00e6ldende fra tidspunktet for offentligg\u00f8relse p\u00e5 hjemmesider. Det ang\u00e5r ogs\u00e5 de tidligere registrerede persondata.<\/p><p>\u00a0<\/p><p>\u00a0<\/p>\t\t\t\t\t\t\t\t<\/div>\n\t\t\t\t<\/div>\n\t\t\t\t<\/div>\n\t\t\t\t\t<\/div>\n\t\t\t\t<\/div>\n\t\t<div class=\"elementor-element elementor-element-612be50 e-flex e-con-boxed e-con e-parent\" data-id=\"612be50\" data-element_type=\"container\" data-e-type=\"container\">\n\t\t\t\t\t<div class=\"e-con-inner\">\n\t\t<div class=\"elementor-element elementor-element-732e38a e-con-full e-flex e-con e-child\" data-id=\"732e38a\" data-element_type=\"container\" data-e-type=\"container\">\n\t\t\t\t<\/div>\n\t\t<div class=\"elementor-element elementor-element-087da63 e-con-full e-flex e-con e-child\" data-id=\"087da63\" data-element_type=\"container\" data-e-type=\"container\">\n\t\t\t\t<\/div>\n\t\t\t\t\t<\/div>\n\t\t\t\t<\/div>\n\t\t\t\t<\/div>\n\t\t","protected":false},"excerpt":{"rendered":"<p>Persondatapolitik og cookies Persondatapolitik og cookies &#8211; Hjemmesider Politik for behandling og beskyttelse af personoplysninger indsamlet p\u00e5 hjemmesider. I det [&hellip;]<\/p>\n","protected":false},"author":1,"featured_media":0,"parent":0,"menu_order":0,"comment_status":"closed","ping_status":"closed","template":"","meta":{"_acf_changed":false,"site-sidebar-layout":"no-sidebar","site-content-layout":"","ast-site-content-layout":"full-width-container","site-content-style":"default","site-sidebar-style":"default","ast-global-header-display":"","ast-banner-title-visibility":"","ast-main-header-display":"","ast-hfb-above-header-display":"","ast-hfb-below-header-display":"","ast-hfb-mobile-header-display":"","site-post-title":"disabled","ast-breadcrumbs-content":"","ast-featured-img":"disabled","footer-sml-layout":"","theme-transparent-header-meta":"default","adv-header-id-meta":"","stick-header-meta":"default","header-above-stick-meta":"","header-main-stick-meta":"","header-below-stick-meta":"","astra-migrate-meta-layouts":"set","ast-page-background-enabled":"default","ast-page-background-meta":{"desktop":{"background-color":"var(--ast-global-color-4)","background-image":"","background-repeat":"repeat","background-position":"center center","background-size":"auto","background-attachment":"scroll","background-type":"","background-media":"","overlay-type":"","overlay-color":"","overlay-gradient":""},"tablet":{"background-color":"","background-image":"","background-repeat":"repeat","background-position":"center center","background-size":"auto","background-attachment":"scroll","background-type":"","background-media":"","overlay-type":"","overlay-color":"","overlay-gradient":""},"mobile":{"background-color":"","background-image":"","background-repeat":"repeat","background-position":"center center","background-size":"auto","background-attachment":"scroll","background-type":"","background-media":"","overlay-type":"","overlay-color":"","overlay-gradient":""}},"ast-content-background-meta":{"desktop":{"background-color":"var(--ast-global-color-5)","background-image":"","background-repeat":"repeat","background-position":"center center","background-size":"auto","background-attachment":"scroll","background-type":"","background-media":"","overlay-type":"","overlay-color":"","overlay-gradient":""},"tablet":{"background-color":"var(--ast-global-color-5)","background-image":"","background-repeat":"repeat","background-position":"center center","background-size":"auto","background-attachment":"scroll","background-type":"","background-media":"","overlay-type":"","overlay-color":"","overlay-gradient":""},"mobile":{"background-color":"var(--ast-global-color-5)","background-image":"","background-repeat":"repeat","background-position":"center center","background-size":"auto","background-attachment":"scroll","background-type":"","background-media":"","overlay-type":"","overlay-color":"","overlay-gradient":""}},"footnotes":""},"class_list":["post-3129","page","type-page","status-publish","hentry"],"acf":[],"yoast_head":"<!-- This site is optimized with the Yoast SEO plugin v27.4 - https:\/\/yoast.com\/product\/yoast-seo-wordpress\/ -->\n<title>Cookies - Danfond<\/title>\n<meta name=\"robots\" content=\"noindex, follow, max-snippet:-1, max-image-preview:large, max-video-preview:-1\" \/>\n<meta property=\"og:locale\" content=\"de_DE\" \/>\n<meta property=\"og:type\" content=\"article\" \/>\n<meta property=\"og:title\" content=\"Cookies - Danfond\" \/>\n<meta property=\"og:description\" content=\"Persondatapolitik og cookies Persondatapolitik og cookies &#8211; Hjemmesider Politik for behandling og beskyttelse af personoplysninger indsamlet p\u00e5 hjemmesider. I det [&hellip;]\" \/>\n<meta property=\"og:url\" content=\"https:\/\/danfond.wpdev.dk\/de\/cookies\/\" \/>\n<meta property=\"og:site_name\" content=\"Danfond\" \/>\n<meta name=\"twitter:card\" content=\"summary_large_image\" \/>\n<meta name=\"twitter:label1\" content=\"Gesch\u00e4tzte Lesezeit\" \/>\n\t<meta name=\"twitter:data1\" content=\"3\u00a0Minuten\" \/>\n<script type=\"application\/ld+json\" class=\"yoast-schema-graph\">{\"@context\":\"https:\\\/\\\/schema.org\",\"@graph\":[{\"@type\":\"WebPage\",\"@id\":\"https:\\\/\\\/danfond.wpdev.dk\\\/de\\\/cookies\\\/\",\"url\":\"https:\\\/\\\/danfond.wpdev.dk\\\/de\\\/cookies\\\/\",\"name\":\"Cookies - Danfond\",\"isPartOf\":{\"@id\":\"https:\\\/\\\/danfond.wpdev.dk\\\/de\\\/#website\"},\"datePublished\":\"2024-02-21T08:14:09+00:00\",\"breadcrumb\":{\"@id\":\"https:\\\/\\\/danfond.wpdev.dk\\\/de\\\/cookies\\\/#breadcrumb\"},\"inLanguage\":\"de\",\"potentialAction\":[{\"@type\":\"ReadAction\",\"target\":[\"https:\\\/\\\/danfond.wpdev.dk\\\/de\\\/cookies\\\/\"]}]},{\"@type\":\"BreadcrumbList\",\"@id\":\"https:\\\/\\\/danfond.wpdev.dk\\\/de\\\/cookies\\\/#breadcrumb\",\"itemListElement\":[{\"@type\":\"ListItem\",\"position\":1,\"name\":\"Hjem\",\"item\":\"https:\\\/\\\/danfond.wpdev.dk\\\/de\\\/\"},{\"@type\":\"ListItem\",\"position\":2,\"name\":\"Cookies\"}]},{\"@type\":\"WebSite\",\"@id\":\"https:\\\/\\\/danfond.wpdev.dk\\\/de\\\/#website\",\"url\":\"https:\\\/\\\/danfond.wpdev.dk\\\/de\\\/\",\"name\":\"Danfond\",\"description\":\"\",\"publisher\":{\"@id\":\"https:\\\/\\\/danfond.wpdev.dk\\\/de\\\/#organization\"},\"potentialAction\":[{\"@type\":\"SearchAction\",\"target\":{\"@type\":\"EntryPoint\",\"urlTemplate\":\"https:\\\/\\\/danfond.wpdev.dk\\\/de\\\/?s={search_term_string}\"},\"query-input\":{\"@type\":\"PropertyValueSpecification\",\"valueRequired\":true,\"valueName\":\"search_term_string\"}}],\"inLanguage\":\"de\"},{\"@type\":\"Organization\",\"@id\":\"https:\\\/\\\/danfond.wpdev.dk\\\/de\\\/#organization\",\"name\":\"Danfond\",\"url\":\"https:\\\/\\\/danfond.wpdev.dk\\\/de\\\/\",\"logo\":{\"@type\":\"ImageObject\",\"inLanguage\":\"de\",\"@id\":\"https:\\\/\\\/danfond.wpdev.dk\\\/de\\\/#\\\/schema\\\/logo\\\/image\\\/\",\"url\":\"https:\\\/\\\/danfond.wpdev.dk\\\/wp-content\\\/uploads\\\/2024\\\/02\\\/logo.svg\",\"contentUrl\":\"https:\\\/\\\/danfond.wpdev.dk\\\/wp-content\\\/uploads\\\/2024\\\/02\\\/logo.svg\",\"width\":407,\"height\":87,\"caption\":\"Danfond\"},\"image\":{\"@id\":\"https:\\\/\\\/danfond.wpdev.dk\\\/de\\\/#\\\/schema\\\/logo\\\/image\\\/\"}}]}<\/script>\n<!-- \/ Yoast SEO plugin. -->","yoast_head_json":{"title":"Cookies - Danfond","robots":{"index":"noindex","follow":"follow","max-snippet":"max-snippet:-1","max-image-preview":"max-image-preview:large","max-video-preview":"max-video-preview:-1"},"og_locale":"de_DE","og_type":"article","og_title":"Cookies - Danfond","og_description":"Persondatapolitik og cookies Persondatapolitik og cookies &#8211; Hjemmesider Politik for behandling og beskyttelse af personoplysninger indsamlet p\u00e5 hjemmesider. I det [&hellip;]","og_url":"https:\/\/danfond.wpdev.dk\/de\/cookies\/","og_site_name":"Danfond","twitter_card":"summary_large_image","twitter_misc":{"Gesch\u00e4tzte Lesezeit":"3\u00a0Minuten"},"schema":{"@context":"https:\/\/schema.org","@graph":[{"@type":"WebPage","@id":"https:\/\/danfond.wpdev.dk\/de\/cookies\/","url":"https:\/\/danfond.wpdev.dk\/de\/cookies\/","name":"Cookies - Danfond","isPartOf":{"@id":"https:\/\/danfond.wpdev.dk\/de\/#website"},"datePublished":"2024-02-21T08:14:09+00:00","breadcrumb":{"@id":"https:\/\/danfond.wpdev.dk\/de\/cookies\/#breadcrumb"},"inLanguage":"de","potentialAction":[{"@type":"ReadAction","target":["https:\/\/danfond.wpdev.dk\/de\/cookies\/"]}]},{"@type":"BreadcrumbList","@id":"https:\/\/danfond.wpdev.dk\/de\/cookies\/#breadcrumb","itemListElement":[{"@type":"ListItem","position":1,"name":"Hjem","item":"https:\/\/danfond.wpdev.dk\/de\/"},{"@type":"ListItem","position":2,"name":"Cookies"}]},{"@type":"WebSite","@id":"https:\/\/danfond.wpdev.dk\/de\/#website","url":"https:\/\/danfond.wpdev.dk\/de\/","name":"Danfond","description":"","publisher":{"@id":"https:\/\/danfond.wpdev.dk\/de\/#organization"},"potentialAction":[{"@type":"SearchAction","target":{"@type":"EntryPoint","urlTemplate":"https:\/\/danfond.wpdev.dk\/de\/?s={search_term_string}"},"query-input":{"@type":"PropertyValueSpecification","valueRequired":true,"valueName":"search_term_string"}}],"inLanguage":"de"},{"@type":"Organization","@id":"https:\/\/danfond.wpdev.dk\/de\/#organization","name":"Danfond","url":"https:\/\/danfond.wpdev.dk\/de\/","logo":{"@type":"ImageObject","inLanguage":"de","@id":"https:\/\/danfond.wpdev.dk\/de\/#\/schema\/logo\/image\/","url":"https:\/\/danfond.wpdev.dk\/wp-content\/uploads\/2024\/02\/logo.svg","contentUrl":"https:\/\/danfond.wpdev.dk\/wp-content\/uploads\/2024\/02\/logo.svg","width":407,"height":87,"caption":"Danfond"},"image":{"@id":"https:\/\/danfond.wpdev.dk\/de\/#\/schema\/logo\/image\/"}}]}},"_links":{"self":[{"href":"https:\/\/danfond.wpdev.dk\/de\/wp-json\/wp\/v2\/pages\/3129","targetHints":{"allow":["GET"]}}],"collection":[{"href":"https:\/\/danfond.wpdev.dk\/de\/wp-json\/wp\/v2\/pages"}],"about":[{"href":"https:\/\/danfond.wpdev.dk\/de\/wp-json\/wp\/v2\/types\/page"}],"author":[{"embeddable":true,"href":"https:\/\/danfond.wpdev.dk\/de\/wp-json\/wp\/v2\/users\/1"}],"replies":[{"embeddable":true,"href":"https:\/\/danfond.wpdev.dk\/de\/wp-json\/wp\/v2\/comments?post=3129"}],"version-history":[{"count":0,"href":"https:\/\/danfond.wpdev.dk\/de\/wp-json\/wp\/v2\/pages\/3129\/revisions"}],"wp:attachment":[{"href":"https:\/\/danfond.wpdev.dk\/de\/wp-json\/wp\/v2\/media?parent=3129"}],"curies":[{"name":"wp","href":"https:\/\/api.w.org\/{rel}","templated":true}]}}